{"id":5837,"date":"2025-04-26T17:27:30","date_gmt":"2025-04-26T15:27:30","guid":{"rendered":"https:\/\/www.sitges.fredetjules.com\/?page_id=5837"},"modified":"2025-04-26T17:46:25","modified_gmt":"2025-04-26T15:46:25","slug":"radio-cd","status":"publish","type":"page","link":"https:\/\/www.sitges.fredetjules.com\/index.php\/radio-cd\/","title":{"rendered":"Radio : CD"},"content":{"rendered":"\t\t<div data-elementor-type=\"wp-page\" data-elementor-id=\"5837\" class=\"elementor elementor-5837\" data-elementor-post-type=\"page\">\n\t\t\t\t<div class=\"elementor-element elementor-element-d1dd215 e-flex e-con-boxed e-con e-parent\" data-id=\"d1dd215\" data-element_type=\"container\" data-e-type=\"container\">\n\t\t\t\t\t<div class=\"e-con-inner\">\n\t\t<div class=\"elementor-element elementor-element-f7291c3 e-con-full e-flex e-con e-child\" data-id=\"f7291c3\" data-element_type=\"container\" data-e-type=\"container\">\n\t\t\t\t<div class=\"elementor-element elementor-element-49b2276 elementor-widget elementor-widget-image\" data-id=\"49b2276\" data-element_type=\"widget\" data-e-type=\"widget\" data-widget_type=\"image.default\">\n\t\t\t\t<div class=\"elementor-widget-container\">\n\t\t\t\t\t\t\t\t\t\t\t\t\t\t\t<img fetchpriority=\"high\" decoding=\"async\" width=\"980\" height=\"810\" src=\"https:\/\/www.sitges.fredetjules.com\/wp-content\/uploads\/2025\/04\/Radio-CDavec-legende-1024x846.jpg\" class=\"attachment-large size-large wp-image-5839\" alt=\"\" srcset=\"https:\/\/www.sitges.fredetjules.com\/wp-content\/uploads\/2025\/04\/Radio-CDavec-legende-1024x846.jpg 1024w, https:\/\/www.sitges.fredetjules.com\/wp-content\/uploads\/2025\/04\/Radio-CDavec-legende-300x248.jpg 300w, https:\/\/www.sitges.fredetjules.com\/wp-content\/uploads\/2025\/04\/Radio-CDavec-legende-768x635.jpg 768w, https:\/\/www.sitges.fredetjules.com\/wp-content\/uploads\/2025\/04\/Radio-CDavec-legende-1536x1269.jpg 1536w, https:\/\/www.sitges.fredetjules.com\/wp-content\/uploads\/2025\/04\/Radio-CDavec-legende-2048x1692.jpg 2048w\" sizes=\"(max-width: 980px) 100vw, 980px\" \/>\t\t\t\t\t\t\t\t\t\t\t\t\t\t\t<\/div>\n\t\t\t\t<\/div>\n\t\t\t\t<\/div>\n\t\t<div class=\"elementor-element elementor-element-791036b e-con-full e-flex e-con e-child\" data-id=\"791036b\" data-element_type=\"container\" data-e-type=\"container\">\n\t\t\t\t<div class=\"elementor-element elementor-element-f9eaa1a elementor-widget elementor-widget-heading\" data-id=\"f9eaa1a\" data-element_type=\"widget\" data-e-type=\"widget\" data-widget_type=\"heading.default\">\n\t\t\t\t<div class=\"elementor-widget-container\">\n\t\t\t\t\t<h2 class=\"elementor-heading-title elementor-size-default\">Allumer \/ naviguer \/ \u00e9teindre<\/h2>\t\t\t\t<\/div>\n\t\t\t\t<\/div>\n\t\t<div class=\"elementor-element elementor-element-cc624c8 e-con-full e-flex e-con e-child\" data-id=\"cc624c8\" data-element_type=\"container\" data-e-type=\"container\">\n\t\t\t\t<div class=\"elementor-element elementor-element-e6bb57e elementor-widget elementor-widget-text-editor\" data-id=\"e6bb57e\" data-element_type=\"widget\" data-e-type=\"widget\" data-widget_type=\"text-editor.default\">\n\t\t\t\t<div class=\"elementor-widget-container\">\n\t\t\t\t\t\t\t\t\t<ol><li><span style=\"color: #ff0000;\">Appuyer une fois pour allumer<\/span><\/li><li><span style=\"color: #ff0000;\">Appuyez plusieurs fois pour acc\u00e9der aux fonctions AUX &#8211; CD &#8211; RADIO<\/span><\/li><li><span style=\"color: #ff0000;\">Appuyez longuement pour \u00e9teindre\u00a0<\/span><\/li><\/ol>\t\t\t\t\t\t\t\t<\/div>\n\t\t\t\t<\/div>\n\t\t\t\t<div class=\"elementor-element elementor-element-ed66f93 elementor-widget elementor-widget-heading\" data-id=\"ed66f93\" data-element_type=\"widget\" data-e-type=\"widget\" data-widget_type=\"heading.default\">\n\t\t\t\t<div class=\"elementor-widget-container\">\n\t\t\t\t\t<h2 class=\"elementor-heading-title elementor-size-default\">Fonction radio \/ CD<\/h2>\t\t\t\t<\/div>\n\t\t\t\t<\/div>\n\t\t\t\t<\/div>\n\t\t<div class=\"elementor-element elementor-element-c4cafce e-con-full e-flex e-con e-child\" data-id=\"c4cafce\" data-element_type=\"container\" data-e-type=\"container\">\n\t\t\t\t<div class=\"elementor-element elementor-element-5c1c548 elementor-widget elementor-widget-text-editor\" data-id=\"5c1c548\" data-element_type=\"widget\" data-e-type=\"widget\" data-widget_type=\"text-editor.default\">\n\t\t\t\t<div class=\"elementor-widget-container\">\n\t\t\t\t\t\t\t\t\t<ul><li><span style=\"color: #4db83b;\">Utilisez les fl\u00e8ches pour choisir les stations<\/span><\/li><li>Appuyez sur le rep\u00e8re blanc pour ouvrir le lecteur CD<\/li><li><span style=\"color: #ffff00;\">Lire le CD, mettre en pause ou l\u2019arr\u00eater\u00a0<\/span><\/li><li><span style=\"color: #339966;\">Piste suivante \/ pr\u00e9c\u00e9dente<\/span><\/li><li><span style=\"color: #0000ff;\">R\u00e9glez le volume<\/span><\/li><\/ul>\t\t\t\t\t\t\t\t<\/div>\n\t\t\t\t<\/div>\n\t\t\t\t<\/div>\n\t\t\t\t<\/div>\n\t\t\t\t\t<\/div>\n\t\t\t\t<\/div>\n\t\t\t\t<\/div>\n\t\t","protected":false},"excerpt":{"rendered":"<p>Allumer \/ naviguer \/ \u00e9teindre Appuyer une fois pour allumer Appuyez plusieurs fois pour acc\u00e9der aux fonctions AUX &#8211; CD &#8211; RADIO Appuyez longuement pour \u00e9teindre\u00a0 Fonction radio \/ CD Utilisez les fl\u00e8ches pour choisir les stations Appuyez sur le rep\u00e8re blanc pour ouvrir le lecteur CD Lire le CD, mettre en pause ou l\u2019arr\u00eater\u00a0 [&hellip;]<\/p>\n","protected":false},"author":1,"featured_media":0,"parent":0,"menu_order":0,"comment_status":"closed","ping_status":"closed","template":"","meta":{"_glsr_average":0,"_glsr_ranking":0,"_glsr_reviews":0,"footnotes":""},"class_list":["post-5837","page","type-page","status-publish","hentry"],"_links":{"self":[{"href":"https:\/\/www.sitges.fredetjules.com\/index.php\/wp-json\/wp\/v2\/pages\/5837","targetHints":{"allow":["GET"]}}],"collection":[{"href":"https:\/\/www.sitges.fredetjules.com\/index.php\/wp-json\/wp\/v2\/pages"}],"about":[{"href":"https:\/\/www.sitges.fredetjules.com\/index.php\/wp-json\/wp\/v2\/types\/page"}],"author":[{"embeddable":true,"href":"https:\/\/www.sitges.fredetjules.com\/index.php\/wp-json\/wp\/v2\/users\/1"}],"replies":[{"embeddable":true,"href":"https:\/\/www.sitges.fredetjules.com\/index.php\/wp-json\/wp\/v2\/comments?post=5837"}],"version-history":[{"count":5,"href":"https:\/\/www.sitges.fredetjules.com\/index.php\/wp-json\/wp\/v2\/pages\/5837\/revisions"}],"predecessor-version":[{"id":5844,"href":"https:\/\/www.sitges.fredetjules.com\/index.php\/wp-json\/wp\/v2\/pages\/5837\/revisions\/5844"}],"wp:attachment":[{"href":"https:\/\/www.sitges.fredetjules.com\/index.php\/wp-json\/wp\/v2\/media?parent=5837"}],"curies":[{"name":"wp","href":"https:\/\/api.w.org\/{rel}","templated":true}]}}