{"id":5822,"date":"2025-04-26T16:36:51","date_gmt":"2025-04-26T14:36:51","guid":{"rendered":"https:\/\/www.sitges.fredetjules.com\/?page_id=5822"},"modified":"2025-04-26T19:21:50","modified_gmt":"2025-04-26T17:21:50","slug":"elementor-page-5822","status":"publish","type":"page","link":"https:\/\/www.sitges.fredetjules.com\/index.php\/elementor-page-5822\/","title":{"rendered":"T\u00e9l\u00e9vision"},"content":{"rendered":"\t\t<div data-elementor-type=\"wp-page\" data-elementor-id=\"5822\" class=\"elementor elementor-5822\" data-elementor-post-type=\"page\">\n\t\t\t\t<div class=\"elementor-element elementor-element-23121fd e-flex e-con-boxed e-con e-parent\" data-id=\"23121fd\" data-element_type=\"container\" data-e-type=\"container\">\n\t\t\t\t\t<div class=\"e-con-inner\">\n\t\t\t\t<div class=\"elementor-element elementor-element-13b14d4 elementor-widget elementor-widget-heading\" data-id=\"13b14d4\" data-element_type=\"widget\" data-e-type=\"widget\" data-widget_type=\"heading.default\">\n\t\t\t\t<div class=\"elementor-widget-container\">\n\t\t\t\t\t<h2 class=\"elementor-heading-title elementor-size-default\">Allumer \/ \u00e9teindre<\/h2>\t\t\t\t<\/div>\n\t\t\t\t<\/div>\n\t\t\t\t\t<\/div>\n\t\t\t\t<\/div>\n\t\t<div class=\"elementor-element elementor-element-3a4dd9b e-grid e-con-boxed e-con e-parent\" data-id=\"3a4dd9b\" data-element_type=\"container\" data-e-type=\"container\">\n\t\t\t\t\t<div class=\"e-con-inner\">\n\t\t\t\t<div class=\"elementor-element elementor-element-d2512aa elementor-widget elementor-widget-image\" data-id=\"d2512aa\" data-element_type=\"widget\" data-e-type=\"widget\" data-widget_type=\"image.default\">\n\t\t\t\t<div class=\"elementor-widget-container\">\n\t\t\t\t\t\t\t\t\t\t\t\t\t\t\t<img fetchpriority=\"high\" decoding=\"async\" width=\"300\" height=\"202\" src=\"https:\/\/www.sitges.fredetjules.com\/wp-content\/uploads\/2025\/04\/allumage-300x202.jpg\" class=\"attachment-medium size-medium wp-image-5829\" alt=\"\" srcset=\"https:\/\/www.sitges.fredetjules.com\/wp-content\/uploads\/2025\/04\/allumage-300x202.jpg 300w, https:\/\/www.sitges.fredetjules.com\/wp-content\/uploads\/2025\/04\/allumage-1024x691.jpg 1024w, https:\/\/www.sitges.fredetjules.com\/wp-content\/uploads\/2025\/04\/allumage-768x518.jpg 768w, https:\/\/www.sitges.fredetjules.com\/wp-content\/uploads\/2025\/04\/allumage-1536x1036.jpg 1536w, https:\/\/www.sitges.fredetjules.com\/wp-content\/uploads\/2025\/04\/allumage-2048x1381.jpg 2048w\" sizes=\"(max-width: 300px) 100vw, 300px\" \/>\t\t\t\t\t\t\t\t\t\t\t\t\t\t\t<\/div>\n\t\t\t\t<\/div>\n\t\t\t\t<div class=\"elementor-element elementor-element-a698f22 elementor-widget elementor-widget-image\" data-id=\"a698f22\" data-element_type=\"widget\" data-e-type=\"widget\" data-widget_type=\"image.default\">\n\t\t\t\t<div class=\"elementor-widget-container\">\n\t\t\t\t\t\t\t\t\t\t\t\t\t\t\t<img decoding=\"async\" width=\"118\" height=\"300\" src=\"https:\/\/www.sitges.fredetjules.com\/wp-content\/uploads\/2025\/04\/telecommande-118x300.jpg\" class=\"attachment-medium size-medium wp-image-5833\" alt=\"\" srcset=\"https:\/\/www.sitges.fredetjules.com\/wp-content\/uploads\/2025\/04\/telecommande-118x300.jpg 118w, https:\/\/www.sitges.fredetjules.com\/wp-content\/uploads\/2025\/04\/telecommande-401x1024.jpg 401w, https:\/\/www.sitges.fredetjules.com\/wp-content\/uploads\/2025\/04\/telecommande-768x1960.jpg 768w, https:\/\/www.sitges.fredetjules.com\/wp-content\/uploads\/2025\/04\/telecommande-602x1536.jpg 602w, https:\/\/www.sitges.fredetjules.com\/wp-content\/uploads\/2025\/04\/telecommande-802x2048.jpg 802w, https:\/\/www.sitges.fredetjules.com\/wp-content\/uploads\/2025\/04\/telecommande-scaled.jpg 1003w\" sizes=\"(max-width: 118px) 100vw, 118px\" \/>\t\t\t\t\t\t\t\t\t\t\t\t\t\t\t<\/div>\n\t\t\t\t<\/div>\n\t\t\t\t<div class=\"elementor-element elementor-element-bcc0a2e elementor-widget elementor-widget-text-editor\" data-id=\"bcc0a2e\" data-element_type=\"widget\" data-e-type=\"widget\" data-widget_type=\"text-editor.default\">\n\t\t\t\t<div class=\"elementor-widget-container\">\n\t\t\t\t\t\t\t\t\t<h4>Appuyez sur le bouton d&rsquo;alimentation sous la t\u00e9l\u00e9<\/h4>\t\t\t\t\t\t\t\t<\/div>\n\t\t\t\t<\/div>\n\t\t\t\t<div class=\"elementor-element elementor-element-c0d24f0 elementor-widget elementor-widget-text-editor\" data-id=\"c0d24f0\" data-element_type=\"widget\" data-e-type=\"widget\" data-widget_type=\"text-editor.default\">\n\t\t\t\t<div class=\"elementor-widget-container\">\n\t\t\t\t\t\t\t\t\t<h4>Appuyez sur le bouton rouge pour allumer l&rsquo;\u00e9cran.<\/h4>\t\t\t\t\t\t\t\t<\/div>\n\t\t\t\t<\/div>\n\t\t\t\t\t<\/div>\n\t\t\t\t<\/div>\n\t\t<div class=\"elementor-element elementor-element-c5f9e4c e-flex e-con-boxed e-con e-parent\" data-id=\"c5f9e4c\" data-element_type=\"container\" data-e-type=\"container\">\n\t\t\t\t\t<div class=\"e-con-inner\">\n\t\t\t\t<div class=\"elementor-element elementor-element-12867db elementor-widget elementor-widget-heading\" data-id=\"12867db\" data-element_type=\"widget\" data-e-type=\"widget\" data-widget_type=\"heading.default\">\n\t\t\t\t<div class=\"elementor-widget-container\">\n\t\t\t\t\t<h2 class=\"elementor-heading-title elementor-size-default\">T\u00e9l\u00e9vision espagnole (hertzien) <\/h2>\t\t\t\t<\/div>\n\t\t\t\t<\/div>\n\t\t\t\t\t<\/div>\n\t\t\t\t<\/div>\n\t\t<div class=\"elementor-element elementor-element-22f1a22 e-grid e-con-boxed e-con e-parent\" data-id=\"22f1a22\" data-element_type=\"container\" data-e-type=\"container\">\n\t\t\t\t\t<div class=\"e-con-inner\">\n\t\t\t\t<div class=\"elementor-element elementor-element-2964d0b elementor-widget elementor-widget-image\" data-id=\"2964d0b\" data-element_type=\"widget\" data-e-type=\"widget\" data-widget_type=\"image.default\">\n\t\t\t\t<div class=\"elementor-widget-container\">\n\t\t\t\t\t\t\t\t\t\t\t\t\t\t\t<img decoding=\"async\" width=\"118\" height=\"300\" src=\"https:\/\/www.sitges.fredetjules.com\/wp-content\/uploads\/2025\/04\/telecommande-118x300.jpg\" class=\"attachment-medium size-medium wp-image-5833\" alt=\"\" srcset=\"https:\/\/www.sitges.fredetjules.com\/wp-content\/uploads\/2025\/04\/telecommande-118x300.jpg 118w, https:\/\/www.sitges.fredetjules.com\/wp-content\/uploads\/2025\/04\/telecommande-401x1024.jpg 401w, https:\/\/www.sitges.fredetjules.com\/wp-content\/uploads\/2025\/04\/telecommande-768x1960.jpg 768w, https:\/\/www.sitges.fredetjules.com\/wp-content\/uploads\/2025\/04\/telecommande-602x1536.jpg 602w, https:\/\/www.sitges.fredetjules.com\/wp-content\/uploads\/2025\/04\/telecommande-802x2048.jpg 802w, https:\/\/www.sitges.fredetjules.com\/wp-content\/uploads\/2025\/04\/telecommande-scaled.jpg 1003w\" sizes=\"(max-width: 118px) 100vw, 118px\" \/>\t\t\t\t\t\t\t\t\t\t\t\t\t\t\t<\/div>\n\t\t\t\t<\/div>\n\t\t\t\t<div class=\"elementor-element elementor-element-5d3343e elementor-widget elementor-widget-image\" data-id=\"5d3343e\" data-element_type=\"widget\" data-e-type=\"widget\" data-widget_type=\"image.default\">\n\t\t\t\t<div class=\"elementor-widget-container\">\n\t\t\t\t\t\t\t\t\t\t\t\t\t\t\t<img decoding=\"async\" width=\"242\" height=\"300\" src=\"https:\/\/www.sitges.fredetjules.com\/wp-content\/uploads\/2025\/04\/Position-TV-242x300.jpg\" class=\"attachment-medium size-medium wp-image-5830\" alt=\"\" srcset=\"https:\/\/www.sitges.fredetjules.com\/wp-content\/uploads\/2025\/04\/Position-TV-242x300.jpg 242w, https:\/\/www.sitges.fredetjules.com\/wp-content\/uploads\/2025\/04\/Position-TV-825x1024.jpg 825w, https:\/\/www.sitges.fredetjules.com\/wp-content\/uploads\/2025\/04\/Position-TV-768x954.jpg 768w, https:\/\/www.sitges.fredetjules.com\/wp-content\/uploads\/2025\/04\/Position-TV-1237x1536.jpg 1237w, https:\/\/www.sitges.fredetjules.com\/wp-content\/uploads\/2025\/04\/Position-TV-1649x2048.jpg 1649w, https:\/\/www.sitges.fredetjules.com\/wp-content\/uploads\/2025\/04\/Position-TV.jpg 1774w\" sizes=\"(max-width: 242px) 100vw, 242px\" \/>\t\t\t\t\t\t\t\t\t\t\t\t\t\t\t<\/div>\n\t\t\t\t<\/div>\n\t\t\t\t<div class=\"elementor-element elementor-element-a753926 elementor-widget elementor-widget-text-editor\" data-id=\"a753926\" data-element_type=\"widget\" data-e-type=\"widget\" data-widget_type=\"text-editor.default\">\n\t\t\t\t<div class=\"elementor-widget-container\">\n\t\t\t\t\t\t\t\t\t<h4>Normalement la TV espagnole s&rsquo;affiche d\u00e8s l&rsquo;allumage, si ce n&rsquo;est pas le cas appuyez sur la touche <span style=\"color: #0000ff;\">\u00ab\u00a0Source\u00a0\u00bb<\/span>\u00a0<\/h4>\t\t\t\t\t\t\t\t<\/div>\n\t\t\t\t<\/div>\n\t\t\t\t<div class=\"elementor-element elementor-element-5d7aa34 elementor-widget elementor-widget-text-editor\" data-id=\"5d7aa34\" data-element_type=\"widget\" data-e-type=\"widget\" data-widget_type=\"text-editor.default\">\n\t\t\t\t<div class=\"elementor-widget-container\">\n\t\t\t\t\t\t\t\t\t<h4>A l&rsquo;aide des fl\u00eaches placez vous sur \u00ab\u00a0DTV\u00a0\u00bb puis appuyez sur OK<\/h4>\t\t\t\t\t\t\t\t<\/div>\n\t\t\t\t<\/div>\n\t\t\t\t\t<\/div>\n\t\t\t\t<\/div>\n\t\t<div class=\"elementor-element elementor-element-50f2ee3 e-flex e-con-boxed e-con e-parent\" data-id=\"50f2ee3\" data-element_type=\"container\" data-e-type=\"container\">\n\t\t\t\t\t<div class=\"e-con-inner\">\n\t\t\t\t<div class=\"elementor-element elementor-element-1c4032c elementor-widget elementor-widget-heading\" data-id=\"1c4032c\" data-element_type=\"widget\" data-e-type=\"widget\" data-widget_type=\"heading.default\">\n\t\t\t\t<div class=\"elementor-widget-container\">\n\t\t\t\t\t<h2 class=\"elementor-heading-title elementor-size-default\">T\u00e9l\u00e9vision fran\u00e7aise (satelite)<\/h2>\t\t\t\t<\/div>\n\t\t\t\t<\/div>\n\t\t\t\t\t<\/div>\n\t\t\t\t<\/div>\n\t\t<div class=\"elementor-element elementor-element-b4173bf e-grid e-con-boxed e-con e-parent\" data-id=\"b4173bf\" data-element_type=\"container\" data-e-type=\"container\">\n\t\t\t\t\t<div class=\"e-con-inner\">\n\t\t\t\t<div class=\"elementor-element elementor-element-aff34a0 elementor-widget elementor-widget-image\" data-id=\"aff34a0\" data-element_type=\"widget\" data-e-type=\"widget\" data-widget_type=\"image.default\">\n\t\t\t\t<div class=\"elementor-widget-container\">\n\t\t\t\t\t\t\t\t\t\t\t\t\t\t\t<img decoding=\"async\" width=\"118\" height=\"300\" src=\"https:\/\/www.sitges.fredetjules.com\/wp-content\/uploads\/2025\/04\/telecommande-118x300.jpg\" class=\"attachment-medium size-medium wp-image-5833\" alt=\"\" srcset=\"https:\/\/www.sitges.fredetjules.com\/wp-content\/uploads\/2025\/04\/telecommande-118x300.jpg 118w, https:\/\/www.sitges.fredetjules.com\/wp-content\/uploads\/2025\/04\/telecommande-401x1024.jpg 401w, https:\/\/www.sitges.fredetjules.com\/wp-content\/uploads\/2025\/04\/telecommande-768x1960.jpg 768w, https:\/\/www.sitges.fredetjules.com\/wp-content\/uploads\/2025\/04\/telecommande-602x1536.jpg 602w, https:\/\/www.sitges.fredetjules.com\/wp-content\/uploads\/2025\/04\/telecommande-802x2048.jpg 802w, https:\/\/www.sitges.fredetjules.com\/wp-content\/uploads\/2025\/04\/telecommande-scaled.jpg 1003w\" sizes=\"(max-width: 118px) 100vw, 118px\" \/>\t\t\t\t\t\t\t\t\t\t\t\t\t\t\t<\/div>\n\t\t\t\t<\/div>\n\t\t\t\t<div class=\"elementor-element elementor-element-d26adf5 elementor-widget elementor-widget-image\" data-id=\"d26adf5\" data-element_type=\"widget\" data-e-type=\"widget\" data-widget_type=\"image.default\">\n\t\t\t\t<div class=\"elementor-widget-container\">\n\t\t\t\t\t\t\t\t\t\t\t\t\t\t\t<img loading=\"lazy\" decoding=\"async\" width=\"226\" height=\"300\" src=\"https:\/\/www.sitges.fredetjules.com\/wp-content\/uploads\/2025\/04\/PXL_20250426_143411894.MP_-226x300.jpg\" class=\"attachment-medium size-medium wp-image-5831\" alt=\"\" srcset=\"https:\/\/www.sitges.fredetjules.com\/wp-content\/uploads\/2025\/04\/PXL_20250426_143411894.MP_-226x300.jpg 226w, https:\/\/www.sitges.fredetjules.com\/wp-content\/uploads\/2025\/04\/PXL_20250426_143411894.MP_-771x1024.jpg 771w, https:\/\/www.sitges.fredetjules.com\/wp-content\/uploads\/2025\/04\/PXL_20250426_143411894.MP_-768x1020.jpg 768w, https:\/\/www.sitges.fredetjules.com\/wp-content\/uploads\/2025\/04\/PXL_20250426_143411894.MP_-1157x1536.jpg 1157w, https:\/\/www.sitges.fredetjules.com\/wp-content\/uploads\/2025\/04\/PXL_20250426_143411894.MP_-1542x2048.jpg 1542w, https:\/\/www.sitges.fredetjules.com\/wp-content\/uploads\/2025\/04\/PXL_20250426_143411894.MP_-scaled.jpg 1928w\" sizes=\"(max-width: 226px) 100vw, 226px\" \/>\t\t\t\t\t\t\t\t\t\t\t\t\t\t\t<\/div>\n\t\t\t\t<\/div>\n\t\t\t\t<div class=\"elementor-element elementor-element-9a25715 elementor-widget elementor-widget-image\" data-id=\"9a25715\" data-element_type=\"widget\" data-e-type=\"widget\" data-widget_type=\"image.default\">\n\t\t\t\t<div class=\"elementor-widget-container\">\n\t\t\t\t\t\t\t\t\t\t\t\t\t\t\t<img loading=\"lazy\" decoding=\"async\" width=\"124\" height=\"300\" src=\"https:\/\/www.sitges.fredetjules.com\/wp-content\/uploads\/2025\/04\/satellite-124x300.jpg\" class=\"attachment-medium size-medium wp-image-5832\" alt=\"\" srcset=\"https:\/\/www.sitges.fredetjules.com\/wp-content\/uploads\/2025\/04\/satellite-124x300.jpg 124w, https:\/\/www.sitges.fredetjules.com\/wp-content\/uploads\/2025\/04\/satellite-424x1024.jpg 424w, https:\/\/www.sitges.fredetjules.com\/wp-content\/uploads\/2025\/04\/satellite-768x1855.jpg 768w, https:\/\/www.sitges.fredetjules.com\/wp-content\/uploads\/2025\/04\/satellite-636x1536.jpg 636w, https:\/\/www.sitges.fredetjules.com\/wp-content\/uploads\/2025\/04\/satellite-848x2048.jpg 848w, https:\/\/www.sitges.fredetjules.com\/wp-content\/uploads\/2025\/04\/satellite-scaled.jpg 1060w\" sizes=\"(max-width: 124px) 100vw, 124px\" \/>\t\t\t\t\t\t\t\t\t\t\t\t\t\t\t<\/div>\n\t\t\t\t<\/div>\n\t\t\t\t<div class=\"elementor-element elementor-element-e12fbaf elementor-widget elementor-widget-text-editor\" data-id=\"e12fbaf\" data-element_type=\"widget\" data-e-type=\"widget\" data-widget_type=\"text-editor.default\">\n\t\t\t\t<div class=\"elementor-widget-container\">\n\t\t\t\t\t\t\t\t\t<h4>A l&rsquo;aide de cette t\u00e9l\u00e9commande, appuyez sur <span style=\"color: #3366ff;\">\u00ab\u00a0Source\u00a0\u00bb<\/span><\/h4>\t\t\t\t\t\t\t\t<\/div>\n\t\t\t\t<\/div>\n\t\t\t\t<div class=\"elementor-element elementor-element-aabe49a elementor-widget elementor-widget-text-editor\" data-id=\"aabe49a\" data-element_type=\"widget\" data-e-type=\"widget\" data-widget_type=\"text-editor.default\">\n\t\t\t\t<div class=\"elementor-widget-container\">\n\t\t\t\t\t\t\t\t\t<h4>A l&rsquo;aide des fl\u00e8ches se positionner sur \u00ab\u00a0HDMI 1\u00a0\u00bb puis sur OK<\/h4>\t\t\t\t\t\t\t\t<\/div>\n\t\t\t\t<\/div>\n\t\t\t\t<div class=\"elementor-element elementor-element-fb1e622 elementor-widget elementor-widget-text-editor\" data-id=\"fb1e622\" data-element_type=\"widget\" data-e-type=\"widget\" data-widget_type=\"text-editor.default\">\n\t\t\t\t<div class=\"elementor-widget-container\">\n\t\t\t\t\t\t\t\t\t<h4>Utilisez maintenant cette t\u00e9l\u00e9commande pour allumer de d\u00e9modulateur et naviguer entre les chaines<\/h4>\t\t\t\t\t\t\t\t<\/div>\n\t\t\t\t<\/div>\n\t\t\t\t\t<\/div>\n\t\t\t\t<\/div>\n\t\t<div class=\"elementor-element elementor-element-82b5fdb e-flex e-con-boxed e-con e-parent\" data-id=\"82b5fdb\" data-element_type=\"container\" data-e-type=\"container\">\n\t\t\t\t\t<div class=\"e-con-inner\">\n\t\t\t\t<div class=\"elementor-element elementor-element-55d7f7c elementor-widget elementor-widget-heading\" data-id=\"55d7f7c\" data-element_type=\"widget\" data-e-type=\"widget\" data-widget_type=\"heading.default\">\n\t\t\t\t<div class=\"elementor-widget-container\">\n\t\t\t\t\t<h1 class=\"elementor-heading-title elementor-size-default\">Merci de bien vouloir tout \u00e9teindre avant votre d\u00e9part<\/h1>\t\t\t\t<\/div>\n\t\t\t\t<\/div>\n\t\t\t\t\t<\/div>\n\t\t\t\t<\/div>\n\t\t\t\t<\/div>\n\t\t","protected":false},"excerpt":{"rendered":"<p>Allumer \/ \u00e9teindre Appuyez sur le bouton d&rsquo;alimentation sous la t\u00e9l\u00e9 Appuyez sur le bouton rouge pour allumer l&rsquo;\u00e9cran. T\u00e9l\u00e9vision espagnole (hertzien) Normalement la TV espagnole s&rsquo;affiche d\u00e8s l&rsquo;allumage, si ce n&rsquo;est pas le cas appuyez sur la touche \u00ab\u00a0Source\u00a0\u00bb\u00a0 A l&rsquo;aide des fl\u00eaches placez vous sur \u00ab\u00a0DTV\u00a0\u00bb puis appuyez sur OK T\u00e9l\u00e9vision fran\u00e7aise (satelite) [&hellip;]<\/p>\n","protected":false},"author":1,"featured_media":0,"parent":0,"menu_order":0,"comment_status":"closed","ping_status":"closed","template":"","meta":{"_glsr_average":0,"_glsr_ranking":0,"_glsr_reviews":0,"footnotes":""},"class_list":["post-5822","page","type-page","status-publish","hentry"],"_links":{"self":[{"href":"https:\/\/www.sitges.fredetjules.com\/index.php\/wp-json\/wp\/v2\/pages\/5822","targetHints":{"allow":["GET"]}}],"collection":[{"href":"https:\/\/www.sitges.fredetjules.com\/index.php\/wp-json\/wp\/v2\/pages"}],"about":[{"href":"https:\/\/www.sitges.fredetjules.com\/index.php\/wp-json\/wp\/v2\/types\/page"}],"author":[{"embeddable":true,"href":"https:\/\/www.sitges.fredetjules.com\/index.php\/wp-json\/wp\/v2\/users\/1"}],"replies":[{"embeddable":true,"href":"https:\/\/www.sitges.fredetjules.com\/index.php\/wp-json\/wp\/v2\/comments?post=5822"}],"version-history":[{"count":11,"href":"https:\/\/www.sitges.fredetjules.com\/index.php\/wp-json\/wp\/v2\/pages\/5822\/revisions"}],"predecessor-version":[{"id":5867,"href":"https:\/\/www.sitges.fredetjules.com\/index.php\/wp-json\/wp\/v2\/pages\/5822\/revisions\/5867"}],"wp:attachment":[{"href":"https:\/\/www.sitges.fredetjules.com\/index.php\/wp-json\/wp\/v2\/media?parent=5822"}],"curies":[{"name":"wp","href":"https:\/\/api.w.org\/{rel}","templated":true}]}}