{"id":5151,"date":"2025-02-22T11:42:02","date_gmt":"2025-02-22T10:42:02","guid":{"rendered":"https:\/\/www.sitges.fredetjules.com\/?page_id=5151"},"modified":"2025-02-22T16:26:58","modified_gmt":"2025-02-22T15:26:58","slug":"le-logement","status":"publish","type":"page","link":"https:\/\/www.sitges.fredetjules.com\/index.php\/le-logement\/","title":{"rendered":"Le Logement"},"content":{"rendered":"\t\t<div data-elementor-type=\"wp-page\" data-elementor-id=\"5151\" class=\"elementor elementor-5151\" data-elementor-post-type=\"page\">\n\t\t\t\t<div class=\"elementor-element elementor-element-3b1b7ad e-flex e-con-boxed e-con e-parent\" data-id=\"3b1b7ad\" data-element_type=\"container\" data-e-type=\"container\">\n\t\t\t\t\t<div class=\"e-con-inner\">\n\t\t\t\t<div class=\"elementor-element elementor-element-06e8d48 elementor-widget elementor-widget-text-editor\" data-id=\"06e8d48\" data-element_type=\"widget\" data-e-type=\"widget\" data-widget_type=\"text-editor.default\">\n\t\t\t\t<div class=\"elementor-widget-container\">\n\t\t\t\t\t\t\t\t\t<h4>D\u00e9couvrez le c\u0153ur de Sitges depuis ce charmant appartement en deuxi\u00e8me ligne de plage !<\/h4>\n<p>Situ\u00e9 dans un quartier privil\u00e9gi\u00e9, cet appartement est le refuge parfait pour vos vacances. Profitez de la proximit\u00e9 des meilleures plages, de la vie nocturne anim\u00e9e et de la zone commer\u00e7ante avec une grande vari\u00e9t\u00e9 de restaurants et de bars, le tout \u00e0 quelques pas. Id\u00e9al pour les couples et les voyageurs seuls, cet h\u00e9bergement est situ\u00e9 au centre de l&rsquo;atmosph\u00e8re la plus accueillante et la plus diversifi\u00e9e de Sitges, y compris le c\u00e9l\u00e8bre quartier gay-friendly de la ville.<\/p>\n<p>L&rsquo;appartement comprend :<br \/>&#8211; 1 chambre double avec placard int\u00e9gr\u00e9, id\u00e9ale pour ranger vos affaires et vous sentir comme chez vous.<br \/>&#8211; S\u00e9jour-salle \u00e0 manger ouvert \u00e0 c\u00f4t\u00e9 d&rsquo;une cuisine enti\u00e8rement \u00e9quip\u00e9e, cr\u00e9ant un espace spacieux et accueillant.<br \/>&#8211; Salle de bain compl\u00e8te avec une grande douche, pour se d\u00e9tendre apr\u00e8s une journ\u00e9e \u00e0 la plage.<br \/>&#8211; Balcon priv\u00e9 o\u00f9 vous pourrez profiter de vos repas en plein air avec vue sur la vie anim\u00e9e de Sitges.<br \/>&#8211; Climatisation dans tout l&rsquo;appartement, avec air chaud et froid par conduit, pour votre confort maximum.<br \/>&#8211; Situ\u00e9 au 2\u00e8me \u00e9tage, avec ascenseur, pour un acc\u00e8s facile.<br \/>De plus, l&rsquo;appartement est parfaitement desservi : \u00e0 quelques pas des arr\u00eats de train et de bus, qui vous relieront rapidement au reste de la r\u00e9gion.<\/p>\t\t\t\t\t\t\t\t<\/div>\n\t\t\t\t<\/div>\n\t\t\t\t\t<\/div>\n\t\t\t\t<\/div>\n\t\t<div class=\"elementor-element elementor-element-38f128f e-flex e-con-boxed e-con e-parent\" data-id=\"38f128f\" data-element_type=\"container\" data-e-type=\"container\">\n\t\t\t\t\t<div class=\"e-con-inner\">\n\t\t<div class=\"elementor-element elementor-element-0f4c9d8 e-con-full e-flex e-con e-child\" data-id=\"0f4c9d8\" data-element_type=\"container\" data-e-type=\"container\">\n\t\t\t\t<div class=\"elementor-element elementor-element-a0cb2e7 image-style-villax-yes elementor-widget elementor-widget-image\" data-id=\"a0cb2e7\" data-element_type=\"widget\" data-e-type=\"widget\" data-widget_type=\"image.default\">\n\t\t\t\t<div class=\"elementor-widget-container\">\n\t\t\t\t\t\t\t\t\t\t\t\t<figure class=\"wp-caption\">\n\t\t\t\t\t\t\t\t\t\t\t<a href=\"https:\/\/www.sitges.fredetjules.com\/index.php\/le-salon\/\">\n\t\t\t\t\t\t\t<img fetchpriority=\"high\" decoding=\"async\" width=\"300\" height=\"226\" src=\"https:\/\/www.sitges.fredetjules.com\/wp-content\/uploads\/2025\/02\/PXL_20231102_085440736-1-300x226.jpg\" class=\"attachment-medium size-medium wp-image-5167\" alt=\"Salon\" srcset=\"https:\/\/www.sitges.fredetjules.com\/wp-content\/uploads\/2025\/02\/PXL_20231102_085440736-1-300x226.jpg 300w, https:\/\/www.sitges.fredetjules.com\/wp-content\/uploads\/2025\/02\/PXL_20231102_085440736-1-1024x771.jpg 1024w, https:\/\/www.sitges.fredetjules.com\/wp-content\/uploads\/2025\/02\/PXL_20231102_085440736-1-768x578.jpg 768w, https:\/\/www.sitges.fredetjules.com\/wp-content\/uploads\/2025\/02\/PXL_20231102_085440736-1-1536x1157.jpg 1536w, https:\/\/www.sitges.fredetjules.com\/wp-content\/uploads\/2025\/02\/PXL_20231102_085440736-1-2048x1542.jpg 2048w\" sizes=\"(max-width: 300px) 100vw, 300px\" \/>\t\t\t\t\t\t\t\t<\/a>\n\t\t\t\t\t\t\t\t\t\t\t<figcaption class=\"widget-image-caption wp-caption-text\">Le Salon<\/figcaption>\n\t\t\t\t\t\t\t\t\t\t<\/figure>\n\t\t\t\t\t\t\t\t\t<\/div>\n\t\t\t\t<\/div>\n\t\t\t\t<\/div>\n\t\t<div class=\"elementor-element elementor-element-9077733 e-con-full e-flex e-con e-child\" data-id=\"9077733\" data-element_type=\"container\" data-e-type=\"container\">\n\t\t\t\t<div class=\"elementor-element elementor-element-d64f8ed image-style-villax-yes elementor-widget elementor-widget-image\" data-id=\"d64f8ed\" data-element_type=\"widget\" data-e-type=\"widget\" data-widget_type=\"image.default\">\n\t\t\t\t<div class=\"elementor-widget-container\">\n\t\t\t\t\t\t\t\t\t\t\t\t<figure class=\"wp-caption\">\n\t\t\t\t\t\t\t\t\t\t\t<a href=\"https:\/\/www.sitges.fredetjules.com\/index.php\/la-chambre\/\">\n\t\t\t\t\t\t\t<img decoding=\"async\" src=\"http:\/\/www.sitges.fredetjules.com\/wp-content\/uploads\/2025\/02\/PXL_20231102_111936530-1.jpg\" title=\"\" alt=\"La Chambre\" loading=\"lazy\" \/>\t\t\t\t\t\t\t\t<\/a>\n\t\t\t\t\t\t\t\t\t\t\t<figcaption class=\"widget-image-caption wp-caption-text\">La Chambre<\/figcaption>\n\t\t\t\t\t\t\t\t\t\t<\/figure>\n\t\t\t\t\t\t\t\t\t<\/div>\n\t\t\t\t<\/div>\n\t\t\t\t<\/div>\n\t\t<div class=\"elementor-element elementor-element-120b905 e-con-full e-flex e-con e-child\" data-id=\"120b905\" data-element_type=\"container\" data-e-type=\"container\">\n\t\t\t\t<div class=\"elementor-element elementor-element-d20f021 image-style-villax-yes elementor-widget elementor-widget-image\" data-id=\"d20f021\" data-element_type=\"widget\" data-e-type=\"widget\" data-widget_type=\"image.default\">\n\t\t\t\t<div class=\"elementor-widget-container\">\n\t\t\t\t\t\t\t\t\t\t\t\t<figure class=\"wp-caption\">\n\t\t\t\t\t\t\t\t\t\t\t<a href=\"https:\/\/www.sitges.fredetjules.com\/index.php\/la-cuisine\/\">\n\t\t\t\t\t\t\t<img decoding=\"async\" src=\"http:\/\/www.sitges.fredetjules.com\/wp-content\/uploads\/2025\/02\/PXL_20231102_153256761.jpg\" title=\"\" alt=\"La cuisine\" loading=\"lazy\" \/>\t\t\t\t\t\t\t\t<\/a>\n\t\t\t\t\t\t\t\t\t\t\t<figcaption class=\"widget-image-caption wp-caption-text\">La Cuisine<\/figcaption>\n\t\t\t\t\t\t\t\t\t\t<\/figure>\n\t\t\t\t\t\t\t\t\t<\/div>\n\t\t\t\t<\/div>\n\t\t\t\t<\/div>\n\t\t<div class=\"elementor-element elementor-element-ba06da7 e-con-full e-flex e-con e-child\" data-id=\"ba06da7\" data-element_type=\"container\" data-e-type=\"container\">\n\t\t\t\t<div class=\"elementor-element elementor-element-3f300e6 image-style-villax-yes elementor-widget elementor-widget-image\" data-id=\"3f300e6\" data-element_type=\"widget\" data-e-type=\"widget\" data-widget_type=\"image.default\">\n\t\t\t\t<div class=\"elementor-widget-container\">\n\t\t\t\t\t\t\t\t\t\t\t\t<figure class=\"wp-caption\">\n\t\t\t\t\t\t\t\t\t\t\t<a href=\"https:\/\/www.sitges.fredetjules.com\/index.php\/la-salle-de-bain\/\">\n\t\t\t\t\t\t\t<img decoding=\"async\" src=\"http:\/\/www.sitges.fredetjules.com\/wp-content\/uploads\/2025\/02\/PXL_20231102_145146104.jpg\" title=\"\" alt=\"\" loading=\"lazy\" \/>\t\t\t\t\t\t\t\t<\/a>\n\t\t\t\t\t\t\t\t\t\t\t<figcaption class=\"widget-image-caption wp-caption-text\">La Salle de Bain<\/figcaption>\n\t\t\t\t\t\t\t\t\t\t<\/figure>\n\t\t\t\t\t\t\t\t\t<\/div>\n\t\t\t\t<\/div>\n\t\t\t\t<\/div>\n\t\t\t\t\t<\/div>\n\t\t\t\t<\/div>\n\t\t\t\t<\/div>\n\t\t","protected":false},"excerpt":{"rendered":"<p>D\u00e9couvrez le c\u0153ur de Sitges depuis ce charmant appartement en deuxi\u00e8me ligne de plage ! Situ\u00e9 dans un quartier privil\u00e9gi\u00e9, cet appartement est le refuge parfait pour vos vacances. Profitez de la proximit\u00e9 des meilleures plages, de la vie nocturne anim\u00e9e et de la zone commer\u00e7ante avec une grande vari\u00e9t\u00e9 de restaurants et de bars, [&hellip;]<\/p>\n","protected":false},"author":1,"featured_media":0,"parent":0,"menu_order":0,"comment_status":"closed","ping_status":"closed","template":"","meta":{"_glsr_average":0,"_glsr_ranking":0,"_glsr_reviews":0,"footnotes":""},"class_list":["post-5151","page","type-page","status-publish","hentry"],"_links":{"self":[{"href":"https:\/\/www.sitges.fredetjules.com\/index.php\/wp-json\/wp\/v2\/pages\/5151","targetHints":{"allow":["GET"]}}],"collection":[{"href":"https:\/\/www.sitges.fredetjules.com\/index.php\/wp-json\/wp\/v2\/pages"}],"about":[{"href":"https:\/\/www.sitges.fredetjules.com\/index.php\/wp-json\/wp\/v2\/types\/page"}],"author":[{"embeddable":true,"href":"https:\/\/www.sitges.fredetjules.com\/index.php\/wp-json\/wp\/v2\/users\/1"}],"replies":[{"embeddable":true,"href":"https:\/\/www.sitges.fredetjules.com\/index.php\/wp-json\/wp\/v2\/comments?post=5151"}],"version-history":[{"count":11,"href":"https:\/\/www.sitges.fredetjules.com\/index.php\/wp-json\/wp\/v2\/pages\/5151\/revisions"}],"predecessor-version":[{"id":5317,"href":"https:\/\/www.sitges.fredetjules.com\/index.php\/wp-json\/wp\/v2\/pages\/5151\/revisions\/5317"}],"wp:attachment":[{"href":"https:\/\/www.sitges.fredetjules.com\/index.php\/wp-json\/wp\/v2\/media?parent=5151"}],"curies":[{"name":"wp","href":"https:\/\/api.w.org\/{rel}","templated":true}]}}