{"id":300,"date":"2022-11-16T10:22:40","date_gmt":"2022-11-16T10:22:40","guid":{"rendered":"https:\/\/demo2wpopal.b-cdn.net\/villax\/?page_id=300"},"modified":"2025-02-27T14:26:48","modified_gmt":"2025-02-27T13:26:48","slug":"faqs","status":"publish","type":"page","link":"https:\/\/www.sitges.fredetjules.com\/index.php\/faqs\/","title":{"rendered":"Questions \/ R\u00e9ponses"},"content":{"rendered":"\t\t<div data-elementor-type=\"wp-page\" data-elementor-id=\"300\" class=\"elementor elementor-300\" data-elementor-post-type=\"page\">\n\t\t\t\t\t\t<section class=\"elementor-section elementor-top-section elementor-element elementor-element-387cb5d elementor-section-full_width elementor-section-stretched elementor-section-height-default elementor-section-height-default\" data-id=\"387cb5d\" data-element_type=\"section\" data-e-type=\"section\" data-settings=\"{&quot;stretch_section&quot;:&quot;section-stretched&quot;}\">\n\t\t\t\t\t\t<div class=\"elementor-container elementor-column-gap-no\">\n\t\t\t\t\t<div class=\"elementor-column elementor-col-33 elementor-top-column elementor-element elementor-element-bb46a99 elementor-hidden-mobile\" data-id=\"bb46a99\" data-element_type=\"column\" data-e-type=\"column\">\n\t\t\t<div class=\"elementor-widget-wrap\">\n\t\t\t\t\t\t\t<\/div>\n\t\t<\/div>\n\t\t\t\t<div class=\"elementor-column elementor-col-33 elementor-top-column elementor-element elementor-element-ccea3d6\" data-id=\"ccea3d6\" data-element_type=\"column\" data-e-type=\"column\">\n\t\t\t<div class=\"elementor-widget-wrap elementor-element-populated\">\n\t\t\t\t\t\t<div class=\"elementor-element elementor-element-5f8dbb2 elementor-widget elementor-widget-heading\" data-id=\"5f8dbb2\" data-element_type=\"widget\" data-e-type=\"widget\" data-widget_type=\"heading.default\">\n\t\t\t\t<div class=\"elementor-widget-container\">\n\t\t\t\t\t<h3 class=\"elementor-heading-title elementor-size-default\">Reservations et paiement<\/h3>\t\t\t\t<\/div>\n\t\t\t\t<\/div>\n\t\t\t\t<div class=\"elementor-element elementor-element-e69ed58 style-theme-yes elementor-widget elementor-widget-accordion\" data-id=\"e69ed58\" data-element_type=\"widget\" data-e-type=\"widget\" data-widget_type=\"accordion.default\">\n\t\t\t\t<div class=\"elementor-widget-container\">\n\t\t\t\t\t\t\t<div class=\"elementor-accordion\">\n\t\t\t\t\t\t\t<div class=\"elementor-accordion-item\">\n\t\t\t\t\t<div id=\"elementor-tab-title-2411\" class=\"elementor-tab-title\" data-tab=\"1\" role=\"button\" aria-controls=\"elementor-tab-content-2411\" aria-expanded=\"false\">\n\t\t\t\t\t\t\t\t\t\t\t\t\t<span class=\"elementor-accordion-icon elementor-accordion-icon-left\" aria-hidden=\"true\">\n\t\t\t\t\t\t\t\t\t\t\t\t\t\t\t<span class=\"elementor-accordion-icon-closed\"><i class=\"villax-icon- villax-icon-question\"><\/i><\/span>\n\t\t\t\t\t\t\t\t<span class=\"elementor-accordion-icon-opened\"><i class=\"villax-icon- villax-icon-question\"><\/i><\/span>\n\t\t\t\t\t\t\t\t\t\t\t\t\t\t<\/span>\n\t\t\t\t\t\t\t\t\t\t\t\t<a class=\"elementor-accordion-title\" tabindex=\"0\">Je viens de faire une r\u00e9servation en ligne, est-elle d\u00e9finitive ?<\/a>\n\t\t\t\t\t<\/div>\n\t\t\t\t\t<div id=\"elementor-tab-content-2411\" class=\"elementor-tab-content elementor-clearfix\" data-tab=\"1\" role=\"region\" aria-labelledby=\"elementor-tab-title-2411\"><p>Ils&rsquo;agit l\u00e0 d&rsquo;une demande de r\u00e9servation. Apr\u00e8s v\u00e9rification des disponibilit\u00e9s et de prix vous recevez une confirmation.<\/p><p>Les r\u00e9servations sont d\u00e9finitive d\u00e8s qu&rsquo;un paiement est enregistr\u00e9.<\/p><\/div>\n\t\t\t\t<\/div>\n\t\t\t\t\t\t\t<div class=\"elementor-accordion-item\">\n\t\t\t\t\t<div id=\"elementor-tab-title-2412\" class=\"elementor-tab-title\" data-tab=\"2\" role=\"button\" aria-controls=\"elementor-tab-content-2412\" aria-expanded=\"false\">\n\t\t\t\t\t\t\t\t\t\t\t\t\t<span class=\"elementor-accordion-icon elementor-accordion-icon-left\" aria-hidden=\"true\">\n\t\t\t\t\t\t\t\t\t\t\t\t\t\t\t<span class=\"elementor-accordion-icon-closed\"><i class=\"villax-icon- villax-icon-question\"><\/i><\/span>\n\t\t\t\t\t\t\t\t<span class=\"elementor-accordion-icon-opened\"><i class=\"villax-icon- villax-icon-question\"><\/i><\/span>\n\t\t\t\t\t\t\t\t\t\t\t\t\t\t<\/span>\n\t\t\t\t\t\t\t\t\t\t\t\t<a class=\"elementor-accordion-title\" tabindex=\"0\">Comment proc\u00e8de t-on au r\u00e9glement ?<\/a>\n\t\t\t\t\t<\/div>\n\t\t\t\t\t<div id=\"elementor-tab-content-2412\" class=\"elementor-tab-content elementor-clearfix\" data-tab=\"2\" role=\"region\" aria-labelledby=\"elementor-tab-title-2412\"><p>Pour l&rsquo;instant nous ne sommes pas \u00e9quip\u00e9s pour accepter les cartes de redit. Les seuls mode de r\u00e8glement restent les ch\u00e8ques bancaires fran\u00e7ais et les virements (y compris de l&rsquo;\u00e9tranger)<\/p><\/div>\n\t\t\t\t<\/div>\n\t\t\t\t\t\t\t<div class=\"elementor-accordion-item\">\n\t\t\t\t\t<div id=\"elementor-tab-title-2413\" class=\"elementor-tab-title\" data-tab=\"3\" role=\"button\" aria-controls=\"elementor-tab-content-2413\" aria-expanded=\"false\">\n\t\t\t\t\t\t\t\t\t\t\t\t\t<span class=\"elementor-accordion-icon elementor-accordion-icon-left\" aria-hidden=\"true\">\n\t\t\t\t\t\t\t\t\t\t\t\t\t\t\t<span class=\"elementor-accordion-icon-closed\"><i class=\"villax-icon- villax-icon-question\"><\/i><\/span>\n\t\t\t\t\t\t\t\t<span class=\"elementor-accordion-icon-opened\"><i class=\"villax-icon- villax-icon-question\"><\/i><\/span>\n\t\t\t\t\t\t\t\t\t\t\t\t\t\t<\/span>\n\t\t\t\t\t\t\t\t\t\t\t\t<a class=\"elementor-accordion-title\" tabindex=\"0\">Il y a t-il d'autres frais \u00e0 r\u00e9gler ?<\/a>\n\t\t\t\t\t<\/div>\n\t\t\t\t\t<div id=\"elementor-tab-content-2413\" class=\"elementor-tab-content elementor-clearfix\" data-tab=\"3\" role=\"region\" aria-labelledby=\"elementor-tab-title-2413\"><p>Nos prix comprennent toutes les charges SAUF la Taxe de s\u00e9jour \u00e0 r\u00e9gler en esp\u00e8ces lors du check-in.<\/p><p>Son montant est de 1\u20ac \/ jour\/personne avec un plafond de sept jours (c&rsquo;est \u00e0 dire que si vous restez 15 jours vous paierez la m\u00eame somme que pour sept jours)<\/p><\/div>\n\t\t\t\t<\/div>\n\t\t\t\t\t\t\t<div class=\"elementor-accordion-item\">\n\t\t\t\t\t<div id=\"elementor-tab-title-2414\" class=\"elementor-tab-title\" data-tab=\"4\" role=\"button\" aria-controls=\"elementor-tab-content-2414\" aria-expanded=\"false\">\n\t\t\t\t\t\t\t\t\t\t\t\t\t<span class=\"elementor-accordion-icon elementor-accordion-icon-left\" aria-hidden=\"true\">\n\t\t\t\t\t\t\t\t\t\t\t\t\t\t\t<span class=\"elementor-accordion-icon-closed\"><i class=\"villax-icon- villax-icon-question\"><\/i><\/span>\n\t\t\t\t\t\t\t\t<span class=\"elementor-accordion-icon-opened\"><i class=\"villax-icon- villax-icon-question\"><\/i><\/span>\n\t\t\t\t\t\t\t\t\t\t\t\t\t\t<\/span>\n\t\t\t\t\t\t\t\t\t\t\t\t<a class=\"elementor-accordion-title\" tabindex=\"0\">Puis-je payer en plusieurs fois ?<\/a>\n\t\t\t\t\t<\/div>\n\t\t\t\t\t<div id=\"elementor-tab-content-2414\" class=\"elementor-tab-content elementor-clearfix\" data-tab=\"4\" role=\"region\" aria-labelledby=\"elementor-tab-title-2414\"><p>Oui c&rsquo;est possible !\u00a0<\/p><p>Nous faisons tr\u00e8s couramment le 50\/50 : 50% d&rsquo;acompte \u00e0 la r\u00e9servation et 50% au maximum un mois avant l&rsquo;arriv\u00e9e.<\/p><p>N&rsquo;h\u00e9sitez pas \u00e0 nous demander un 3 ou 4 fois sans frais, c&rsquo;est possible !<\/p><p>Une r\u00e9servation non pay\u00e9e int\u00e9gralement le jour de votre arriv\u00e9e sera consid\u00e9r\u00e9e comme annul\u00e9e.<\/p><\/div>\n\t\t\t\t<\/div>\n\t\t\t\t\t\t\t\t\t\t<script type=\"application\/ld+json\">{\"@context\":\"https:\\\/\\\/schema.org\",\"@type\":\"FAQPage\",\"mainEntity\":[{\"@type\":\"Question\",\"name\":\"Je viens de faire une r\\u00e9servation en ligne, est-elle d\\u00e9finitive ?\",\"acceptedAnswer\":{\"@type\":\"Answer\",\"text\":\"<p>Ils&rsquo;agit l\\u00e0 d&rsquo;une demande de r\\u00e9servation. Apr\\u00e8s v\\u00e9rification des disponibilit\\u00e9s et de prix vous recevez une confirmation.<\\\/p><p>Les r\\u00e9servations sont d\\u00e9finitive d\\u00e8s qu&rsquo;un paiement est enregistr\\u00e9.<\\\/p>\"}},{\"@type\":\"Question\",\"name\":\"Comment proc\\u00e8de t-on au r\\u00e9glement ?\",\"acceptedAnswer\":{\"@type\":\"Answer\",\"text\":\"<p>Pour l&rsquo;instant nous ne sommes pas \\u00e9quip\\u00e9s pour accepter les cartes de redit. Les seuls mode de r\\u00e8glement restent les ch\\u00e8ques bancaires fran\\u00e7ais et les virements (y compris de l&rsquo;\\u00e9tranger)<\\\/p>\"}},{\"@type\":\"Question\",\"name\":\"Il y a t-il d'autres frais \\u00e0 r\\u00e9gler ?\",\"acceptedAnswer\":{\"@type\":\"Answer\",\"text\":\"<p>Nos prix comprennent toutes les charges SAUF la Taxe de s\\u00e9jour \\u00e0 r\\u00e9gler en esp\\u00e8ces lors du check-in.<\\\/p><p>Son montant est de 1\\u20ac \\\/ jour\\\/personne avec un plafond de sept jours (c&rsquo;est \\u00e0 dire que si vous restez 15 jours vous paierez la m\\u00eame somme que pour sept jours)<\\\/p>\"}},{\"@type\":\"Question\",\"name\":\"Puis-je payer en plusieurs fois ?\",\"acceptedAnswer\":{\"@type\":\"Answer\",\"text\":\"<p>Oui c&rsquo;est possible !\\u00a0<\\\/p><p>Nous faisons tr\\u00e8s couramment le 50\\\/50 : 50% d&rsquo;acompte \\u00e0 la r\\u00e9servation et 50% au maximum un mois avant l&rsquo;arriv\\u00e9e.<\\\/p><p>N&rsquo;h\\u00e9sitez pas \\u00e0 nous demander un 3 ou 4 fois sans frais, c&rsquo;est possible !<\\\/p><p>Une r\\u00e9servation non pay\\u00e9e int\\u00e9gralement le jour de votre arriv\\u00e9e sera consid\\u00e9r\\u00e9e comme annul\\u00e9e.<\\\/p>\"}}]}<\/script>\n\t\t\t\t\t<\/div>\n\t\t\t\t\t\t<\/div>\n\t\t\t\t<\/div>\n\t\t\t\t\t<\/div>\n\t\t<\/div>\n\t\t\t\t<div class=\"elementor-column elementor-col-33 elementor-top-column elementor-element elementor-element-ef1fc1e elementor-hidden-mobile\" data-id=\"ef1fc1e\" data-element_type=\"column\" data-e-type=\"column\">\n\t\t\t<div class=\"elementor-widget-wrap\">\n\t\t\t\t\t\t\t<\/div>\n\t\t<\/div>\n\t\t\t\t\t<\/div>\n\t\t<\/section>\n\t\t\t\t<section class=\"elementor-section elementor-top-section elementor-element elementor-element-3d424f1 elementor-section-full_width elementor-section-stretched elementor-section-height-default elementor-section-height-default\" data-id=\"3d424f1\" data-element_type=\"section\" data-e-type=\"section\" data-settings=\"{&quot;stretch_section&quot;:&quot;section-stretched&quot;}\">\n\t\t\t\t\t\t<div class=\"elementor-container elementor-column-gap-no\">\n\t\t\t\t\t<div class=\"elementor-column elementor-col-33 elementor-top-column elementor-element elementor-element-4f734ad elementor-hidden-mobile\" data-id=\"4f734ad\" data-element_type=\"column\" data-e-type=\"column\">\n\t\t\t<div class=\"elementor-widget-wrap\">\n\t\t\t\t\t\t\t<\/div>\n\t\t<\/div>\n\t\t\t\t<div class=\"elementor-column elementor-col-33 elementor-top-column elementor-element elementor-element-29ec5fd\" data-id=\"29ec5fd\" data-element_type=\"column\" data-e-type=\"column\">\n\t\t\t<div class=\"elementor-widget-wrap elementor-element-populated\">\n\t\t\t\t\t\t<div class=\"elementor-element elementor-element-fdfa208 elementor-widget elementor-widget-heading\" data-id=\"fdfa208\" data-element_type=\"widget\" data-e-type=\"widget\" data-widget_type=\"heading.default\">\n\t\t\t\t<div class=\"elementor-widget-container\">\n\t\t\t\t\t<h3 class=\"elementor-heading-title elementor-size-default\">Check-in et Check-out<\/h3>\t\t\t\t<\/div>\n\t\t\t\t<\/div>\n\t\t\t\t<div class=\"elementor-element elementor-element-1021458 style-theme-yes elementor-widget elementor-widget-accordion\" data-id=\"1021458\" data-element_type=\"widget\" data-e-type=\"widget\" data-widget_type=\"accordion.default\">\n\t\t\t\t<div class=\"elementor-widget-container\">\n\t\t\t\t\t\t\t<div class=\"elementor-accordion\">\n\t\t\t\t\t\t\t<div class=\"elementor-accordion-item\">\n\t\t\t\t\t<div id=\"elementor-tab-title-1691\" class=\"elementor-tab-title\" data-tab=\"1\" role=\"button\" aria-controls=\"elementor-tab-content-1691\" aria-expanded=\"false\">\n\t\t\t\t\t\t\t\t\t\t\t\t\t<span class=\"elementor-accordion-icon elementor-accordion-icon-left\" aria-hidden=\"true\">\n\t\t\t\t\t\t\t\t\t\t\t\t\t\t\t<span class=\"elementor-accordion-icon-closed\"><i class=\"villax-icon- villax-icon-question\"><\/i><\/span>\n\t\t\t\t\t\t\t\t<span class=\"elementor-accordion-icon-opened\"><i class=\"villax-icon- villax-icon-question\"><\/i><\/span>\n\t\t\t\t\t\t\t\t\t\t\t\t\t\t<\/span>\n\t\t\t\t\t\t\t\t\t\t\t\t<a class=\"elementor-accordion-title\" tabindex=\"0\">Qui m'accueille lors de mon arriv\u00e9e?<\/a>\n\t\t\t\t\t<\/div>\n\t\t\t\t\t<div id=\"elementor-tab-content-1691\" class=\"elementor-tab-content elementor-clearfix\" data-tab=\"1\" role=\"region\" aria-labelledby=\"elementor-tab-title-1691\"><p>Nous mandatons Marta Isabell Ospina de l&rsquo;agence \u00ab\u00a0SuCasa\u00a0\u00bb pour vous accueillir et vous installer \u00e0 l&rsquo;appartement.<\/p><p>Ses honoraires sont bien entendu inclus dans le prix de la r\u00e9servation.<\/p><\/div>\n\t\t\t\t<\/div>\n\t\t\t\t\t\t\t<div class=\"elementor-accordion-item\">\n\t\t\t\t\t<div id=\"elementor-tab-title-1692\" class=\"elementor-tab-title\" data-tab=\"2\" role=\"button\" aria-controls=\"elementor-tab-content-1692\" aria-expanded=\"false\">\n\t\t\t\t\t\t\t\t\t\t\t\t\t<span class=\"elementor-accordion-icon elementor-accordion-icon-left\" aria-hidden=\"true\">\n\t\t\t\t\t\t\t\t\t\t\t\t\t\t\t<span class=\"elementor-accordion-icon-closed\"><i class=\"villax-icon- villax-icon-question\"><\/i><\/span>\n\t\t\t\t\t\t\t\t<span class=\"elementor-accordion-icon-opened\"><i class=\"villax-icon- villax-icon-question\"><\/i><\/span>\n\t\t\t\t\t\t\t\t\t\t\t\t\t\t<\/span>\n\t\t\t\t\t\t\t\t\t\t\t\t<a class=\"elementor-accordion-title\" tabindex=\"0\">Quel est mon interlocuteur principal ?<\/a>\n\t\t\t\t\t<\/div>\n\t\t\t\t\t<div id=\"elementor-tab-content-1692\" class=\"elementor-tab-content elementor-clearfix\" data-tab=\"2\" role=\"region\" aria-labelledby=\"elementor-tab-title-1692\"><p>Nous sommes \u00e0 votre \u00e9coute avant, pendant et apr\u00e8s votre s\u00e9jour.<\/p><p>Nous transmettons toutes les donn\u00e9e \u00e0 Marta et elle vous contactera quelque jours avant votre arriv\u00e9e pour fixer le lieu et l&rsquo;horaire pour vous accueillir.<\/p><p>Pas de panique si vous n&rsquo;avez pas de ces nouvelles deux ou trois jours avant votre arriv\u00e9e!\u00a0\u00a0<\/p><\/div>\n\t\t\t\t<\/div>\n\t\t\t\t\t\t\t<div class=\"elementor-accordion-item\">\n\t\t\t\t\t<div id=\"elementor-tab-title-1693\" class=\"elementor-tab-title\" data-tab=\"3\" role=\"button\" aria-controls=\"elementor-tab-content-1693\" aria-expanded=\"false\">\n\t\t\t\t\t\t\t\t\t\t\t\t\t<span class=\"elementor-accordion-icon elementor-accordion-icon-left\" aria-hidden=\"true\">\n\t\t\t\t\t\t\t\t\t\t\t\t\t\t\t<span class=\"elementor-accordion-icon-closed\"><i class=\"villax-icon- villax-icon-question\"><\/i><\/span>\n\t\t\t\t\t\t\t\t<span class=\"elementor-accordion-icon-opened\"><i class=\"villax-icon- villax-icon-question\"><\/i><\/span>\n\t\t\t\t\t\t\t\t\t\t\t\t\t\t<\/span>\n\t\t\t\t\t\t\t\t\t\t\t\t<a class=\"elementor-accordion-title\" tabindex=\"0\">Conditions d'annulation<\/a>\n\t\t\t\t\t<\/div>\n\t\t\t\t\t<div id=\"elementor-tab-content-1693\" class=\"elementor-tab-content elementor-clearfix\" data-tab=\"3\" role=\"region\" aria-labelledby=\"elementor-tab-title-1693\"><p>Tout acompte per\u00e7u est annul\u00e9 en cas d&rsquo;annulation.<\/p><\/div>\n\t\t\t\t<\/div>\n\t\t\t\t\t\t\t\t\t\t<script type=\"application\/ld+json\">{\"@context\":\"https:\\\/\\\/schema.org\",\"@type\":\"FAQPage\",\"mainEntity\":[{\"@type\":\"Question\",\"name\":\"Qui m'accueille lors de mon arriv\\u00e9e?\",\"acceptedAnswer\":{\"@type\":\"Answer\",\"text\":\"<p>Nous mandatons Marta Isabell Ospina de l&rsquo;agence \\u00ab\\u00a0SuCasa\\u00a0\\u00bb pour vous accueillir et vous installer \\u00e0 l&rsquo;appartement.<\\\/p><p>Ses honoraires sont bien entendu inclus dans le prix de la r\\u00e9servation.<\\\/p>\"}},{\"@type\":\"Question\",\"name\":\"Quel est mon interlocuteur principal ?\",\"acceptedAnswer\":{\"@type\":\"Answer\",\"text\":\"<p>Nous sommes \\u00e0 votre \\u00e9coute avant, pendant et apr\\u00e8s votre s\\u00e9jour.<\\\/p><p>Nous transmettons toutes les donn\\u00e9e \\u00e0 Marta et elle vous contactera quelque jours avant votre arriv\\u00e9e pour fixer le lieu et l&rsquo;horaire pour vous accueillir.<\\\/p><p>Pas de panique si vous n&rsquo;avez pas de ces nouvelles deux ou trois jours avant votre arriv\\u00e9e!\\u00a0\\u00a0<\\\/p>\"}},{\"@type\":\"Question\",\"name\":\"Conditions d'annulation\",\"acceptedAnswer\":{\"@type\":\"Answer\",\"text\":\"<p>Tout acompte per\\u00e7u est annul\\u00e9 en cas d&rsquo;annulation.<\\\/p>\"}}]}<\/script>\n\t\t\t\t\t<\/div>\n\t\t\t\t\t\t<\/div>\n\t\t\t\t<\/div>\n\t\t\t\t\t<\/div>\n\t\t<\/div>\n\t\t\t\t<div class=\"elementor-column elementor-col-33 elementor-top-column elementor-element elementor-element-6f85310 elementor-hidden-mobile\" data-id=\"6f85310\" data-element_type=\"column\" data-e-type=\"column\">\n\t\t\t<div class=\"elementor-widget-wrap\">\n\t\t\t\t\t\t\t<\/div>\n\t\t<\/div>\n\t\t\t\t\t<\/div>\n\t\t<\/section>\n\t\t\t\t<\/div>\n\t\t","protected":false},"excerpt":{"rendered":"<p>Reservations et paiement Je viens de faire une r\u00e9servation en ligne, est-elle d\u00e9finitive ? Ils&rsquo;agit l\u00e0 d&rsquo;une demande de r\u00e9servation. Apr\u00e8s v\u00e9rification des disponibilit\u00e9s et de prix vous recevez une confirmation. Les r\u00e9servations sont d\u00e9finitive d\u00e8s qu&rsquo;un paiement est enregistr\u00e9. Comment proc\u00e8de t-on au r\u00e9glement ? Pour l&rsquo;instant nous ne sommes pas \u00e9quip\u00e9s pour accepter [&hellip;]<\/p>\n","protected":false},"author":1,"featured_media":0,"parent":0,"menu_order":0,"comment_status":"closed","ping_status":"closed","template":"elementor_header_footer","meta":{"_glsr_average":0,"_glsr_ranking":0,"_glsr_reviews":0,"footnotes":""},"class_list":["post-300","page","type-page","status-publish","hentry"],"_links":{"self":[{"href":"https:\/\/www.sitges.fredetjules.com\/index.php\/wp-json\/wp\/v2\/pages\/300","targetHints":{"allow":["GET"]}}],"collection":[{"href":"https:\/\/www.sitges.fredetjules.com\/index.php\/wp-json\/wp\/v2\/pages"}],"about":[{"href":"https:\/\/www.sitges.fredetjules.com\/index.php\/wp-json\/wp\/v2\/types\/page"}],"author":[{"embeddable":true,"href":"https:\/\/www.sitges.fredetjules.com\/index.php\/wp-json\/wp\/v2\/users\/1"}],"replies":[{"embeddable":true,"href":"https:\/\/www.sitges.fredetjules.com\/index.php\/wp-json\/wp\/v2\/comments?post=300"}],"version-history":[{"count":14,"href":"https:\/\/www.sitges.fredetjules.com\/index.php\/wp-json\/wp\/v2\/pages\/300\/revisions"}],"predecessor-version":[{"id":5805,"href":"https:\/\/www.sitges.fredetjules.com\/index.php\/wp-json\/wp\/v2\/pages\/300\/revisions\/5805"}],"wp:attachment":[{"href":"https:\/\/www.sitges.fredetjules.com\/index.php\/wp-json\/wp\/v2\/media?parent=300"}],"curies":[{"name":"wp","href":"https:\/\/api.w.org\/{rel}","templated":true}]}}