{"id":2164,"date":"2022-11-22T10:24:03","date_gmt":"2022-11-22T10:24:03","guid":{"rendered":"https:\/\/demo2wpopal.b-cdn.net\/villax\/?page_id=2164"},"modified":"2025-02-25T19:11:40","modified_gmt":"2025-02-25T18:11:40","slug":"villas-list","status":"publish","type":"page","link":"https:\/\/www.sitges.fredetjules.com\/index.php\/villas-list\/","title":{"rendered":"commentaires"},"content":{"rendered":"\t\t<div data-elementor-type=\"wp-page\" data-elementor-id=\"2164\" class=\"elementor elementor-2164\" data-elementor-post-type=\"page\">\n\t\t\t\t<div class=\"elementor-element elementor-element-b5dffd1 e-flex e-con-boxed e-con e-parent\" data-id=\"b5dffd1\" data-element_type=\"container\" data-e-type=\"container\" data-settings=\"{&quot;background_background&quot;:&quot;classic&quot;}\">\n\t\t\t\t\t<div class=\"e-con-inner\">\n\t\t\t\t<div class=\"elementor-element elementor-element-fbfb8d0 elementor-widget elementor-widget-shortcode\" data-id=\"fbfb8d0\" data-element_type=\"widget\" data-e-type=\"widget\" data-widget_type=\"shortcode.default\">\n\t\t\t\t<div class=\"elementor-widget-container\">\n\t\t\t\t\t\t\t<div class=\"elementor-shortcode\"><div class=\"glsr glsr-default\" id=\"glsr_904c7405\" data-from=\"shortcode\" data-shortcode=\"site_reviews_summary\"><div class=\"glsr-summary-wrap\">\n    <div class=\"glsr-summary\">\n        <div class=\"glsr-summary-rating\"><span class=\"glsr-tag-value\">4,8<\/span><\/div>\n        <div class=\"glsr-summary-stars\"><div class=\"glsr-star-rating glsr-stars\" role=\"img\" aria-label=\"Rated 4,8 out of 5 stars based on 17 ratings\" data-rating=\"4.8\" data-reviews=\"17\"><span class=\"glsr-star glsr-star-full\" aria-hidden=\"true\"><\/span><span class=\"glsr-star glsr-star-full\" aria-hidden=\"true\"><\/span><span class=\"glsr-star glsr-star-full\" aria-hidden=\"true\"><\/span><span class=\"glsr-star glsr-star-full\" aria-hidden=\"true\"><\/span><span class=\"glsr-star glsr-star-half\" aria-hidden=\"true\"><\/span><\/div><\/div>\n        <div class=\"glsr-summary-text\"><span class=\"glsr-tag-value\">4,8 \u00e9toiles sur 5 (selon 17 avis)<\/span><\/div>\n        <div class=\"glsr-summary-percentages\"><div class=\"glsr-bar\" data-level=\"5\"><span class=\"glsr-bar-label\">Excellent<\/span><span class=\"glsr-bar-background\"><span class=\"glsr-bar-background-percent\" style=\"width:76%\"><\/span><\/span><span class=\"glsr-bar-percent\">76%<\/span><\/div><div class=\"glsr-bar\" data-level=\"4\"><span class=\"glsr-bar-label\">Tr\u00e8s bon<\/span><span class=\"glsr-bar-background\"><span class=\"glsr-bar-background-percent\" style=\"width:24%\"><\/span><\/span><span class=\"glsr-bar-percent\">24%<\/span><\/div><div class=\"glsr-bar\" data-level=\"3\"><span class=\"glsr-bar-label\">Moyen<\/span><span class=\"glsr-bar-background\"><span class=\"glsr-bar-background-percent\" style=\"width:0%\"><\/span><\/span><span class=\"glsr-bar-percent\">0%<\/span><\/div><div class=\"glsr-bar\" data-level=\"2\"><span class=\"glsr-bar-label\">Passable<\/span><span class=\"glsr-bar-background\"><span class=\"glsr-bar-background-percent\" style=\"width:0%\"><\/span><\/span><span class=\"glsr-bar-percent\">0%<\/span><\/div><div class=\"glsr-bar\" data-level=\"1\"><span class=\"glsr-bar-label\">D\u00e9cevant<\/span><span class=\"glsr-bar-background\"><span class=\"glsr-bar-background-percent\" style=\"width:0%\"><\/span><\/span><span class=\"glsr-bar-percent\">0%<\/span><\/div><\/div>\n    <\/div>\n<\/div><\/div><\/div>\n\t\t\t\t\t\t<\/div>\n\t\t\t\t<\/div>\n\t\t\t\t\t<\/div>\n\t\t\t\t<\/div>\n\t\t<div class=\"elementor-element elementor-element-cc60f9c e-flex e-con-boxed e-con e-parent\" data-id=\"cc60f9c\" data-element_type=\"container\" data-e-type=\"container\">\n\t\t\t\t\t<div class=\"e-con-inner\">\n\t\t\t\t<div class=\"elementor-element elementor-element-64e33b6 elementor-widget elementor-widget-shortcode\" data-id=\"64e33b6\" data-element_type=\"widget\" data-e-type=\"widget\" data-widget_type=\"shortcode.default\">\n\t\t\t\t<div class=\"elementor-widget-container\">\n\t\t\t\t\t\t\t<div class=\"elementor-shortcode\"><div class=\"glsr glsr-default\" id=\"glsr_22744b29\" data-from=\"shortcode\" data-shortcode=\"site_reviews\"><div class=\"glsr-reviews-wrap\">\n    <div class=\"glsr-reviews\">\n        <div class=\"glsr-review\" data-type=\"local\" id=\"review-5780\" data-assigned='[]'>\n    <div class=\"glsr-review-title\"><h4 class=\"glsr-tag-value\">Notre s\u00e9jour fut parfait<\/h4><\/div>\n    <div class=\"glsr-review-rating\"><div class=\"glsr-star-rating glsr-stars\" role=\"img\" aria-label=\"Rated 5 out of 5 stars\" data-rating=\"5\" data-reviews=\"0\"><span class=\"glsr-star glsr-star-full\" aria-hidden=\"true\"><\/span><span class=\"glsr-star glsr-star-full\" aria-hidden=\"true\"><\/span><span class=\"glsr-star glsr-star-full\" aria-hidden=\"true\"><\/span><span class=\"glsr-star glsr-star-full\" aria-hidden=\"true\"><\/span><span class=\"glsr-star glsr-star-full\" aria-hidden=\"true\"><\/span><\/div><\/div> <div class=\"glsr-review-date\"><span class=\"glsr-tag-value\">26 f\u00e9vrier 2025<\/span><\/div>\n    \n    <div class=\"glsr-review-content\"><div class=\"glsr-tag-value\" data-expanded=\"false\"><p class=\"glsr-hidden-text\" data-show-less=\"Afficher moins\" data-show-more=\"Afficher plus\" data-trigger=\"expand\">Notre s\u00e9jour fut parfait. M. Carles, charg\u00e9 de nous donner les cl\u00e9s, de nous emmener \u00e0 l&#8217;appartement, etc., a toujours \u00e9t\u00e9 super attentionn\u00e9 et pr\u00e9cis. L&#8217;appartement est tr\u00e8s central, \u00e9tait propre et plus lumineux que sur les photos. Comme nous connaissions d\u00e9j\u00e0 Sitges, nous savions qu&#8217;il \u00e9tait dans une<span class=\"glsr-hidden\"> rue o\u00f9 il y a beaucoup de locaux et le soir, il peut en d\u00e9ranger le bruit pour les gens avec un sommeil l\u00e9ger, mais nous ne nous en soucions pas, (ce n&#8217;est pas une plainte, ce n&#8217;est pas la responsabilit\u00e9 des propri\u00e9taires, c&#8217;est le sacrifice \u00e0 faire si vous voulez \u00eatre dans le centre ). Nous \u00e9tions si bien, que nous avons demand\u00e9 si nous pouvions rester un jour de plus, et ils nous ont dit que oui et au prix plus que juste. Nous avons \u00e9t\u00e9 tr\u00e8s heureux et esp\u00e9rons que lorsque nous reviendrons \u00e0 Sitges, nous serons \u00e0 nouveau admis dans cet appartement. Merci beaucoup !<\/span><\/p><\/div><\/div>\n    <div class=\"glsr-review-avatar\"><img loading=\"lazy\" decoding=\"async\" style=\"width:40px; height:40px;\" alt=\"Avatar de Maria\" height=\"80\" loading=\"lazy\" src=\"http:\/\/www.sitges.fredetjules.com\/wp-content\/uploads\/2025\/02\/airbnb-logo-2020.svg\" width=\"80\" \/><\/div> <div class=\"glsr-review-author\"><span class=\"glsr-tag-value\">Maria<\/span><\/div> \n    \n<\/div>\n<div class=\"glsr-review\" data-type=\"local\" id=\"review-5778\" data-assigned='[]'>\n    <div class=\"glsr-review-title\"><h4 class=\"glsr-tag-value\">Excellent emplacement en plein c\u0153ur de tout ! !<\/h4><\/div>\n    <div class=\"glsr-review-rating\"><div class=\"glsr-star-rating glsr-stars\" role=\"img\" aria-label=\"Rated 5 out of 5 stars\" data-rating=\"5\" data-reviews=\"0\"><span class=\"glsr-star glsr-star-full\" aria-hidden=\"true\"><\/span><span class=\"glsr-star glsr-star-full\" aria-hidden=\"true\"><\/span><span class=\"glsr-star glsr-star-full\" aria-hidden=\"true\"><\/span><span class=\"glsr-star glsr-star-full\" aria-hidden=\"true\"><\/span><span class=\"glsr-star glsr-star-full\" aria-hidden=\"true\"><\/span><\/div><\/div> <div class=\"glsr-review-date\"><span class=\"glsr-tag-value\">26 f\u00e9vrier 2025<\/span><\/div>\n    \n    <div class=\"glsr-review-content\"><div class=\"glsr-tag-value\" data-expanded=\"false\"><p class=\"glsr-hidden-text\" data-show-less=\"Afficher moins\" data-show-more=\"Afficher plus\" data-trigger=\"expand\">Excellent emplacement en plein c\u0153ur de tout ! ! Les photos sont exactes. Le canap\u00e9 est confortable. Tout fonctionne. Aucun probl\u00e8me avec l&#8217;endroit. Deux choses que j&#8217;ai aim\u00e9es dans ce logement. 1. Vous vous sentez chez vous d\u00e8s que vous entrez. Je me suis r\u00e9veill\u00e9 apr\u00e8s la premi\u00e8re nuit, je me suis senti<span class=\"glsr-hidden\"> d\u00e9tendu ; et je suis imm\u00e9diatement entr\u00e9 dans \u00ab l&#8217;ambiance de la plage \u00bb. 2. Il est litt\u00e9ralement en plein milieu de tout. Vous pouvez facilement entrer dans les bars en bas pour boire un verre, ou vous asseoir sur le balcon et regarder l&#8217;action de la rue. Un mot sur le bruit : ce n&#8217;est vraiment pas si mal. Les bars ferment \u00e0 2h30 du matin et le bruit de la rue s&#8217;arr\u00eate\/descend \u00e0 presque rien. En outre, vous vous amuserez ou vous serez assis sur le balcon avec un ami. Quoi qu&#8217;il en soit, vous pourrez dormir sans probl\u00e8me.<\/span><\/p><\/div><\/div>\n    <div class=\"glsr-review-avatar\"><img loading=\"lazy\" decoding=\"async\" style=\"width:40px; height:40px;\" alt=\"Avatar de Kamal\" height=\"80\" loading=\"lazy\" src=\"http:\/\/www.sitges.fredetjules.com\/wp-content\/uploads\/2025\/02\/airbnb-logo-2020.svg\" width=\"80\" \/><\/div> <div class=\"glsr-review-author\"><span class=\"glsr-tag-value\">Kamal<\/span><\/div> \n    \n<\/div>\n<div class=\"glsr-review\" data-type=\"local\" id=\"review-5776\" data-assigned='[]'>\n    <div class=\"glsr-review-title\"><h4 class=\"glsr-tag-value\">Ce fut un s\u00e9jour tr\u00e8s agr\u00e9able<\/h4><\/div>\n    <div class=\"glsr-review-rating\"><div class=\"glsr-star-rating glsr-stars\" role=\"img\" aria-label=\"Rated 5 out of 5 stars\" data-rating=\"5\" data-reviews=\"0\"><span class=\"glsr-star glsr-star-full\" aria-hidden=\"true\"><\/span><span class=\"glsr-star glsr-star-full\" aria-hidden=\"true\"><\/span><span class=\"glsr-star glsr-star-full\" aria-hidden=\"true\"><\/span><span class=\"glsr-star glsr-star-full\" aria-hidden=\"true\"><\/span><span class=\"glsr-star glsr-star-full\" aria-hidden=\"true\"><\/span><\/div><\/div> <div class=\"glsr-review-date\"><span class=\"glsr-tag-value\">26 f\u00e9vrier 2025<\/span><\/div>\n    \n    <div class=\"glsr-review-content\"><div class=\"glsr-tag-value\" data-expanded=\"false\"><p class=\"glsr-hidden-text\" data-show-less=\"Afficher moins\" data-show-more=\"Afficher plus\" data-trigger=\"expand\">Ce fut un s\u00e9jour tr\u00e8s agr\u00e9able \u00e0 Fred et Joules dans l&#8217;appartement. Tout \u00e9tait tel que d\u00e9crit sur l&#8217;annonce. Bien s\u00fbr, il est vraiment au milieu du quartier des f\u00eates, donc ceux qui veulent passer des vacances au calme ne sont pas bien servis. Mais ce n&#8217;est pas ce<span class=\"glsr-hidden\"> que nous voulions, mais nous voulions d\u00e9j\u00e0 faire l&#8217;exp\u00e9rience de quelque chose, et pour cela l&#8217;appartement \u00e9tait parfait. On \u00e9tait au milieu de l&#8217;action, mais aussi en 3 minutes sur la plage.<\/span><\/p><\/div><\/div>\n    <div class=\"glsr-review-avatar\"><img loading=\"lazy\" decoding=\"async\" style=\"width:40px; height:40px;\" alt=\"Avatar de Andreas\" height=\"80\" loading=\"lazy\" src=\"http:\/\/www.sitges.fredetjules.com\/wp-content\/uploads\/2025\/02\/airbnb-logo-2020.svg\" width=\"80\" \/><\/div> <div class=\"glsr-review-author\"><span class=\"glsr-tag-value\">Andreas<\/span><\/div> \n    \n<\/div>\n<div class=\"glsr-review\" data-type=\"local\" id=\"review-5774\" data-assigned='[]'>\n    <div class=\"glsr-review-title\"><h4 class=\"glsr-tag-value\">Appartement est tr\u00e8s calme<\/h4><\/div>\n    <div class=\"glsr-review-rating\"><div class=\"glsr-star-rating glsr-stars\" role=\"img\" aria-label=\"Rated 5 out of 5 stars\" data-rating=\"5\" data-reviews=\"0\"><span class=\"glsr-star glsr-star-full\" aria-hidden=\"true\"><\/span><span class=\"glsr-star glsr-star-full\" aria-hidden=\"true\"><\/span><span class=\"glsr-star glsr-star-full\" aria-hidden=\"true\"><\/span><span class=\"glsr-star glsr-star-full\" aria-hidden=\"true\"><\/span><span class=\"glsr-star glsr-star-full\" aria-hidden=\"true\"><\/span><\/div><\/div> <div class=\"glsr-review-date\"><span class=\"glsr-tag-value\">26 f\u00e9vrier 2025<\/span><\/div>\n    \n    <div class=\"glsr-review-content\"><div class=\"glsr-tag-value\" data-expanded=\"false\"><p>Excellent emplacement. Bien que vous soyez au c\u0153ur de toute l&#8217;activit\u00e9, l&#8217;appartement est tr\u00e8s calme. Un peu de bruit le soir, mais le calme vers 2 h du matin, le balcon \u00e9tait g\u00e9nial pour l&#8217;observation des gens. Carlos \u00e9tait super amical et serviable.<\/p><\/div><\/div>\n    <div class=\"glsr-review-avatar\"><img loading=\"lazy\" decoding=\"async\" style=\"width:40px; height:40px;\" alt=\"Avatar de Jorge\" height=\"80\" loading=\"lazy\" src=\"http:\/\/www.sitges.fredetjules.com\/wp-content\/uploads\/2025\/02\/airbnb-logo-2020.svg\" width=\"80\" \/><\/div> <div class=\"glsr-review-author\"><span class=\"glsr-tag-value\">Jorge<\/span><\/div> \n    \n<\/div>\n<div class=\"glsr-review\" data-type=\"local\" id=\"review-5772\" data-assigned='[]'>\n    <div class=\"glsr-review-title\"><h4 class=\"glsr-tag-value\">Aucune mauvaise surprise.<\/h4><\/div>\n    <div class=\"glsr-review-rating\"><div class=\"glsr-star-rating glsr-stars\" role=\"img\" aria-label=\"Rated 5 out of 5 stars\" data-rating=\"5\" data-reviews=\"0\"><span class=\"glsr-star glsr-star-full\" aria-hidden=\"true\"><\/span><span class=\"glsr-star glsr-star-full\" aria-hidden=\"true\"><\/span><span class=\"glsr-star glsr-star-full\" aria-hidden=\"true\"><\/span><span class=\"glsr-star glsr-star-full\" aria-hidden=\"true\"><\/span><span class=\"glsr-star glsr-star-full\" aria-hidden=\"true\"><\/span><\/div><\/div> <div class=\"glsr-review-date\"><span class=\"glsr-tag-value\">26 f\u00e9vrier 2025<\/span><\/div>\n    \n    <div class=\"glsr-review-content\"><div class=\"glsr-tag-value\" data-expanded=\"false\"><p>Tr\u00e8s tr\u00e8s bon s\u00e9jour, aucune mauvaise surprise. Que du bonheur, h\u00f4tes tr\u00e8s gentil et l&#8217;h\u00f4te sur place aussi !<\/p><\/div><\/div>\n    <div class=\"glsr-review-avatar\"><img loading=\"lazy\" decoding=\"async\" style=\"width:40px; height:40px;\" alt=\"Avatar de Gianni\" height=\"80\" loading=\"lazy\" src=\"http:\/\/www.sitges.fredetjules.com\/wp-content\/uploads\/2025\/02\/airbnb-logo-2020.svg\" width=\"80\" \/><\/div> <div class=\"glsr-review-author\"><span class=\"glsr-tag-value\">Gianni<\/span><\/div> \n    \n<\/div>\n    <\/div>\n    \n<\/div><\/div><\/div>\n\t\t\t\t\t\t<\/div>\n\t\t\t\t<\/div>\n\t\t\t\t\t<\/div>\n\t\t\t\t<\/div>\n\t\t\t\t<\/div>\n\t\t","protected":false},"excerpt":{"rendered":"","protected":false},"author":1,"featured_media":0,"parent":0,"menu_order":0,"comment_status":"closed","ping_status":"closed","template":"elementor_header_footer","meta":{"_glsr_average":0,"_glsr_ranking":0,"_glsr_reviews":0,"footnotes":""},"class_list":["post-2164","page","type-page","status-publish","hentry"],"_links":{"self":[{"href":"https:\/\/www.sitges.fredetjules.com\/index.php\/wp-json\/wp\/v2\/pages\/2164","targetHints":{"allow":["GET"]}}],"collection":[{"href":"https:\/\/www.sitges.fredetjules.com\/index.php\/wp-json\/wp\/v2\/pages"}],"about":[{"href":"https:\/\/www.sitges.fredetjules.com\/index.php\/wp-json\/wp\/v2\/types\/page"}],"author":[{"embeddable":true,"href":"https:\/\/www.sitges.fredetjules.com\/index.php\/wp-json\/wp\/v2\/users\/1"}],"replies":[{"embeddable":true,"href":"https:\/\/www.sitges.fredetjules.com\/index.php\/wp-json\/wp\/v2\/comments?post=2164"}],"version-history":[{"count":4,"href":"https:\/\/www.sitges.fredetjules.com\/index.php\/wp-json\/wp\/v2\/pages\/2164\/revisions"}],"predecessor-version":[{"id":5740,"href":"https:\/\/www.sitges.fredetjules.com\/index.php\/wp-json\/wp\/v2\/pages\/2164\/revisions\/5740"}],"wp:attachment":[{"href":"https:\/\/www.sitges.fredetjules.com\/index.php\/wp-json\/wp\/v2\/media?parent=2164"}],"curies":[{"name":"wp","href":"https:\/\/api.w.org\/{rel}","templated":true}]}}